{"id":7146,"date":"2021-10-16T08:58:27","date_gmt":"2021-10-16T14:58:27","guid":{"rendered":"https:\/\/centropediatrico.com.sv\/web\/?page_id=7146"},"modified":"2022-01-16T15:27:53","modified_gmt":"2022-01-16T21:27:53","slug":"nuestro-hospital","status":"publish","type":"page","link":"https:\/\/centropediatrico.com.sv\/web\/nuestro-hospital\/","title":{"rendered":"Nuestro Hospital"},"content":{"rendered":"<p>[vc_row][vc_column]\n\t\t\t<!-- START SLIDER #1 REVOLUTION SLIDER 6.2.12 --><p class=\"rs-p-wp-fix\"><\/p>\n\t\t\t<rs-module-wrap id=\"woodmart-paralax-layout-slider_wrapper\" data-source=\"gallery\" style=\"background:#212121;padding:0;margin:0px auto;margin-top:0;margin-bottom:0;\">\n\t\t\t\t<rs-module id=\"woodmart-paralax-layout-slider\" style=\"\" data-version=\"6.2.12\">\n\t\t\t\t\t<rs-slides>\n\t\t\t\t\t\t<rs-slide data-key=\"rs-107\" data-title=\"Parallax\" data-anim=\"ei:d;eo:d;s:600;r:0;t:fade;sl:d;\">\n\t\t\t\t\t\t\t<img src=\"\/\/centropediatrico.com.sv\/web\/wp-content\/uploads\/2021\/12\/2-3.jpg\" title=\"2\" width=\"1920\" height=\"1080\" data-parallax=\"off\" class=\"rev-slidebg\" data-no-retina>\n<!---->\t\t\t\t\t\t<\/rs-slide>\n\t\t\t\t\t<\/rs-slides>\n\t\t\t\t<\/rs-module>\n\t\t\t\t<script type=\"text\/javascript\">\n\t\t\t\t\tsetREVStartSize({c: 'woodmart-paralax-layout-slider',rl:[1240,1024,778,480],el:[300,485,560,300],gw:[1240,1024,778,480],gh:[300,200,480,200],type:'standard',justify:'',layout:'fullwidth',mh:\"0\"});\n\t\t\t\t\tvar\trevapi35,\n\t\t\t\t\t\ttpj;\n\t\t\t\t\tjQuery(function() {\n\t\t\t\t\t\ttpj = jQuery;\n\t\t\t\t\t\trevapi35 = tpj(\"#woodmart-paralax-layout-slider\")\n\t\t\t\t\t\tif(revapi35==undefined || revapi35.revolution == undefined){\n\t\t\t\t\t\t\trevslider_showDoubleJqueryError(\"woodmart-paralax-layout-slider\");\n\t\t\t\t\t\t}else{\n\t\t\t\t\t\t\trevapi35.revolution({\n\t\t\t\t\t\t\t\tsliderLayout:\"fullwidth\",\n\t\t\t\t\t\t\t\tvisibilityLevels:\"1240,1024,778,480\",\n\t\t\t\t\t\t\t\tgridwidth:\"1240,1024,778,480\",\n\t\t\t\t\t\t\t\tgridheight:\"300,200,480,200\",\n\t\t\t\t\t\t\t\tspinner:\"spinner0\",\n\t\t\t\t\t\t\t\tperspective:600,\n\t\t\t\t\t\t\t\tperspectiveType:\"local\",\n\t\t\t\t\t\t\t\teditorheight:\"300,485,560,300\",\n\t\t\t\t\t\t\t\tresponsiveLevels:\"1240,1024,778,480\",\n\t\t\t\t\t\t\t\tprogressBar:{disableProgressBar:true},\n\t\t\t\t\t\t\t\tnavigation: {\n\t\t\t\t\t\t\t\t\tmouseScrollNavigation:false,\n\t\t\t\t\t\t\t\t\tonHoverStop:false,\n\t\t\t\t\t\t\t\t\ttouch: {\n\t\t\t\t\t\t\t\t\t\ttouchenabled:true,\n\t\t\t\t\t\t\t\t\t\ttouchOnDesktop:true\n\t\t\t\t\t\t\t\t\t}\n\t\t\t\t\t\t\t\t},\n\t\t\t\t\t\t\t\tparallax: {\n\t\t\t\t\t\t\t\t\tlevels:[-50,-40,-30,-20,-10,10,20,30,40,50,60,0,0,0,0,55],\n\t\t\t\t\t\t\t\t\ttype:\"scroll\",\n\t\t\t\t\t\t\t\t\torigo:\"slidercenter\",\n\t\t\t\t\t\t\t\t\tspeed:200\n\t\t\t\t\t\t\t\t},\n\t\t\t\t\t\t\t\tviewPort: {\n\t\t\t\t\t\t\t\t\tenable:true,\n\t\t\t\t\t\t\t\t\tvisible_area:\"20%\",\n\t\t\t\t\t\t\t\t\tpresize:true\n\t\t\t\t\t\t\t\t},\n\t\t\t\t\t\t\t\tfallbacks: {\n\t\t\t\t\t\t\t\t\tallowHTML5AutoPlayOnAndroid:true\n\t\t\t\t\t\t\t\t},\n\t\t\t\t\t\t\t});\n\t\t\t\t\t\t}\n\t\t\t\t\t\t\n\t\t\t\t\t});\n\t\t\t\t<\/script>\n\t\t\t\t<script>\n\t\t\t\t\tvar htmlDivCss = unescape(\"%23woodmart-paralax-layout-slider_wrapper%20%7B%0A%09height%3A100vh%3B%0A%20%20%09background-color%3A%23212121%3B%0A%7D\");\n\t\t\t\t\tvar htmlDiv = document.getElementById('rs-plugin-settings-inline-css');\n\t\t\t\t\tif(htmlDiv) {\n\t\t\t\t\t\thtmlDiv.innerHTML = htmlDiv.innerHTML + htmlDivCss;\n\t\t\t\t\t}else{\n\t\t\t\t\t\tvar htmlDiv = document.createElement('div');\n\t\t\t\t\t\thtmlDiv.innerHTML = '<style>' + htmlDivCss + '<\/style>';\n\t\t\t\t\t\tdocument.getElementsByTagName('head')[0].appendChild(htmlDiv.childNodes[0]);\n\t\t\t\t\t}\n\t\t\t\t<\/script>\n\t\t\t<\/rs-module-wrap>\n\t\t\t<!-- END REVOLUTION SLIDER -->\n[\/vc_column][\/vc_row][vc_row][vc_column][vc_empty_space woodmart_hide_large=\u00bb0&#8243; woodmart_hide_medium=\u00bb0&#8243; woodmart_hide_small=\u00bb0&#8243; woodmart_hide_extra_small=\u00bb0&#8243;][\/vc_column][\/vc_row][vc_row][vc_column]\n\t\t<div id=\"wd-61cd1bd19b47f\" class=\"title-wrapper  woodmart-title-color-primary woodmart-title-style-simple woodmart-title-width-100 text-center woodmart-title-size-extra-large \">\n\t\t\t\n\t\t\t<div class=\"liner-continer\">\n\t\t\t\t<span class=\"left-line\"><\/span>\n\t\t\t\t<h4 class=\"woodmart-title-container title  woodmart-font-weight-\" >Nuestra Identidad<\/h4>\t\t\t\t\t\t\t\t<span class=\"right-line\"><\/span>\n\t\t\t<\/div>\n\t\t\t\n\t\t\t\n\t\t\t\t\t<\/div>\n\t\t\n\t\t[\/vc_column][\/vc_row][vc_row][vc_column width=\u00bb1\/3&#8243;]\n\t\t<div id=\"wd-61cd1be84b18e\" class=\"title-wrapper  woodmart-title-color-default woodmart-title-style-default woodmart-title-width-100 text-center woodmart-title-size-large \">\n\t\t\t\n\t\t\t<div class=\"liner-continer\">\n\t\t\t\t<span class=\"left-line\"><\/span>\n\t\t\t\t<h4 class=\"woodmart-title-container title  woodmart-font-weight-\" >Misi\u00f3n<\/h4>\t\t\t\t\t\t\t\t<span class=\"right-line\"><\/span>\n\t\t\t<\/div>\n\t\t\t\n\t\t\t\n\t\t\t\t\t<\/div>\n\t\t\n\t\t\t\n\t\t\t<div id=\"wd-61cd1ed910a9f\" class=\"woodmart-text-block-wrapper color-scheme- woodmart-title-size-small woodmart-title-width-100 text-center \">\n\t\t\t\t<div class=\"woodmart-title-container woodmart-text-block font-text woodmart-font-weight-\">\n\t\t\t\t\t<\/p>\n<ul>\n<li style=\"text-align: left;\">\u201cProporcionar con excelencia servicios me\u0301dicos, quiru\u0301rgicos y hospitalarios para restablecer con eficiencia y calidez la salud de nuestros pacientes.\u201d<\/li>\n<\/ul>\n<p>\t\t\t\t<\/div>\n\t\t\t\t\t\n\t\t\t<\/div>\n\t\t[\/vc_column][vc_column width=\u00bb1\/3&#8243;]\n\t\t<div id=\"wd-61cd1bf34915b\" class=\"title-wrapper  woodmart-title-color-default woodmart-title-style-default woodmart-title-width-100 text-center woodmart-title-size-large \">\n\t\t\t\n\t\t\t<div class=\"liner-continer\">\n\t\t\t\t<span class=\"left-line\"><\/span>\n\t\t\t\t<h4 class=\"woodmart-title-container title  woodmart-font-weight-\" >Visi\u00f3n<\/h4>\t\t\t\t\t\t\t\t<span class=\"right-line\"><\/span>\n\t\t\t<\/div>\n\t\t\t\n\t\t\t\n\t\t\t\t\t<\/div>\n\t\t\n\t\t\t\n\t\t\t<div id=\"wd-61cd1eb71bdc8\" class=\"woodmart-text-block-wrapper color-scheme- woodmart-title-size-small woodmart-title-width-100 text-center \">\n\t\t\t\t<div class=\"woodmart-title-container woodmart-text-block font-text woodmart-font-weight-\">\n\t\t\t\t\t<\/p>\n<ul>\n<li>\u201cConvertir nuestros servicios en la mejor opcio\u0301n competitiva a nivel nacional e internacional, haciendo uso de tecnologi\u0301a de punta, el mejor recurso humano y los mejores insumos y productos del mercado, garantizando asi\u0301 la satisfaccio\u0301n de nuestros usuarios.\u201d<\/li>\n<\/ul>\n<p>\t\t\t\t<\/div>\n\t\t\t\t\t\n\t\t\t<\/div>\n\t\t[\/vc_column][vc_column width=\u00bb1\/3&#8243;]\n\t\t<div id=\"wd-61cd1bfc20a45\" class=\"title-wrapper  woodmart-title-color-default woodmart-title-style-default woodmart-title-width-100 text-center woodmart-title-size-large \">\n\t\t\t\n\t\t\t<div class=\"liner-continer\">\n\t\t\t\t<span class=\"left-line\"><\/span>\n\t\t\t\t<h4 class=\"woodmart-title-container title  woodmart-font-weight-\" >Valores<\/h4>\t\t\t\t\t\t\t\t<span class=\"right-line\"><\/span>\n\t\t\t<\/div>\n\t\t\t\n\t\t\t\n\t\t\t\t\t<\/div>\n\t\t\n\t\t\t\n\t\t\t<div id=\"wd-61cd1ef957692\" class=\"woodmart-text-block-wrapper color-scheme- woodmart-title-size-small woodmart-title-width-100 text-center \">\n\t\t\t\t<div class=\"woodmart-title-container woodmart-text-block font-text woodmart-font-weight-\">\n\t\t\t\t\t<\/p>\n<ul>\n<li style=\"text-align: justify;\"><strong>Vocacio\u0301n de servicio<\/strong><\/li>\n<li style=\"text-align: justify;\">Entrega en el servicio<\/li>\n<li style=\"text-align: justify;\"><strong>Calidez humana<\/strong><\/li>\n<li style=\"text-align: justify;\">Cordialidad<\/li>\n<li style=\"text-align: justify;\"><strong>Eficiencia<\/strong><\/li>\n<li style=\"text-align: justify;\">Calidad<\/li>\n<\/ul>\n<p>&nbsp;\t\t\t\t<\/div>\n\t\t\t\t\t\n\t\t\t<\/div>\n\t\t[\/vc_column][\/vc_row][vc_row full_width=\u00bbstretch_row\u00bb css=\u00bb.vc_custom_1639709528751{background-color: #65c6e9 !important;}\u00bb mobile_bg_img_hidden=\u00bbno\u00bb tablet_bg_img_hidden=\u00bbno\u00bb woodmart_parallax=\u00bb0&#8243; woodmart_gradient_switch=\u00bbno\u00bb row_reverse_mobile=\u00bb0&#8243; row_reverse_tablet=\u00bb0&#8243; woodmart_disable_overflow=\u00bb0&#8243;][vc_column width=\u00bb1\/6&#8243;][vc_empty_space woodmart_hide_large=\u00bb0&#8243; woodmart_hide_medium=\u00bb0&#8243; woodmart_hide_small=\u00bb0&#8243; woodmart_hide_extra_small=\u00bb0&#8243;][vc_empty_space woodmart_hide_large=\u00bb0&#8243; woodmart_hide_medium=\u00bb0&#8243; woodmart_hide_small=\u00bb0&#8243; woodmart_hide_extra_small=\u00bb0&#8243;][\/vc_column][vc_column width=\u00bb2\/3&#8243;][vc_icon icon_fontawesome=\u00bbfas fa-info-circle\u00bb color=\u00bbwhite\u00bb size=\u00bblg\u00bb align=\u00bbcenter\u00bb]\t\n\t\t\t<div id=\"wd-61cd1d9fa6dfa\" class=\"woodmart-text-block-wrapper color-scheme-light woodmart-title-size-custom woodmart-title-width-100 text-center \">\n\t\t\t\t<div class=\"woodmart-title-container woodmart-text-block font-text woodmart-font-weight-\">\n\t\t\t\t\t<\/p>\n<ul>\n<li style=\"text-align: justify;\"><span style=\"font-weight: normal;\">Somos el \u00fanico hospital privado especializado exclusivamente en pediatr\u00eda del pa\u00eds.<\/span><\/li>\n<li style=\"text-align: justify;\"><span style=\"font-weight: normal;\">Contamos con 50 a\u00f1os de experiencia en la atenci\u00f3n de ni\u00f1os, ni\u00f1as y adolescentes.<\/span><\/li>\n<li style=\"text-align: justify;\"><span style=\"font-weight: normal;\">Brindamos servicios m\u00e9dicos especializados para ni\u00f1os desde reci\u00e9n nacidos hasta los 21 a\u00f1os de edad.<\/span><\/li>\n<li style=\"text-align: justify;\"><span style=\"font-weight: normal;\">Nuestro hospital brinda atenci\u00f3n las 24 horas, los 365 d\u00edas del a\u00f1o sin excepciones para la comodidad de todos nuestros pacientitos y sus padres.<\/span><\/li>\n<li style=\"text-align: justify;\"><span style=\"font-weight: normal;\">Contamos con servicio de atenci\u00f3n de consultas medicas de emergencia y de ni\u00f1o sano, hospitalizaci\u00f3n, cirug\u00eda entre otros, adem\u00e1s contamos con parqueo propio.<\/span><\/li>\n<\/ul>\n<p>&nbsp;\t\t\t\t<\/div>\n\t\t\t\t\t\n\t\t\t<\/div>\n\t\t[\/vc_column][vc_column width=\u00bb1\/6&#8243;][\/vc_column][\/vc_row][vc_row][vc_column width=\u00bb1\/6&#8243;][\/vc_column][vc_column width=\u00bb2\/3&#8243;]\n\t\t<div id=\"wd-61cd1e1fa477d\" class=\"title-wrapper  woodmart-title-color-primary woodmart-title-style-simple woodmart-title-width-100 text-center woodmart-title-size-extra-large \">\n\t\t\t\n\t\t\t<div class=\"liner-continer\">\n\t\t\t\t<span class=\"left-line\"><\/span>\n\t\t\t\t<h4 class=\"woodmart-title-container title  woodmart-font-weight-\" >Quienes Somos<\/h4>\t\t\t\t\t\t\t\t<span class=\"right-line\"><\/span>\n\t\t\t<\/div>\n\t\t\t\n\t\t\t\n\t\t\t\t\t<\/div>\n\t\t\n\t\t\t\n\t\t\t<div id=\"wd-61cd1e411ab08\" class=\"woodmart-text-block-wrapper color-scheme- woodmart-title-size-small woodmart-title-width-100 text-center \">\n\t\t\t\t<div class=\"woodmart-title-container woodmart-text-block font-text woodmart-font-weight-\">\n\t\t\t\t\t<\/p>\n<p style=\"text-align: justify;\">Estamos comprometidos a brindar la mejor atencio\u0301n, calidad y excelencia en los servicios me\u0301dicos que ofrecemos con el propo\u0301sito de recobrar la salud de los pacientitos que nos visitan y la tranquilidad de sus padres.<\/p>\n<p style=\"text-align: justify;\">Nuestro personal esta\u0301 especi\u0301ficamente capacitado para atender a nin\u0303os, nin\u0303as y adolescentes con amor, empati\u0301a y carin\u0303o de manera que se sientan co\u0301modos con recibir atencio\u0301n me\u0301dica para hacerlos sentir mejor en todo aspecto.<\/p>\n<p style=\"text-align: justify;\">Desde que entras a nuestras instalaciones estara\u0301s seguro que haremos todo lo que este\u0301 a nuestro alcance para que obtengas el mejor servicio.<\/p>\n<p>\t\t\t\t<\/div>\n\t\t\t\t\t\n\t\t\t<\/div>\n\t\t\n\t\t<div id=\"wd-61cd1e25aac0f\" class=\"title-wrapper  woodmart-title-color-primary woodmart-title-style-simple woodmart-title-width-100 text-center woodmart-title-size-extra-large \">\n\t\t\t\n\t\t\t<div class=\"liner-continer\">\n\t\t\t\t<span class=\"left-line\"><\/span>\n\t\t\t\t<h4 class=\"woodmart-title-container title  woodmart-font-weight-\" >Nuestra Historia<\/h4>\t\t\t\t\t\t\t\t<span class=\"right-line\"><\/span>\n\t\t\t<\/div>\n\t\t\t\n\t\t\t\n\t\t\t\t\t<\/div>\n\t\t\n\t\t\t\n\t\t\t<div id=\"wd-61cd1e6d3797f\" class=\"woodmart-text-block-wrapper color-scheme- woodmart-title-size-small woodmart-title-width-100 text-center \">\n\t\t\t\t<div class=\"woodmart-title-container woodmart-text-block font-text woodmart-font-weight-\">\n\t\t\t\t\t<\/p>\n<div class=\"page\" title=\"Page 5\">\n<div class=\"section\">\n<div class=\"layoutArea\">\n<div class=\"column\">\n<div class=\"page\" title=\"Page 5\">\n<div class=\"section\">\n<div class=\"layoutArea\">\n<div class=\"column\">\n<p style=\"text-align: justify;\">Nuestro hospital fue fundado en 1971 por parte de los socios fundadores: el Dr. Ciro Vela\u0301squez Mojica, pediatra y el Dr. Carlos Uriarte Gonza\u0301lez, cirujano pediatra. Tiempo despue\u0301s, recibieron el apoyo de otros colegas: el Dr. Hugo Serrano, ortopeda pediatra, Dr. Romeo Forti\u0301n Magan\u0303a, pediatra, Dr. Rafael Ruiz Izaguirre, pediatra neonato\u0301logo y el Dr. Guillermo Tinetti Santos, pediatra para que en 1973, el hospital abriera sus puertas para atender a pacientitos como tanto lo habi\u0301an esperado.<\/p>\n<p style=\"text-align: justify;\">Desde 1973, el hospital ha atravesado por una diversidad de remodelaciones y ampliacio\u0301n de sus instalaciones y ma\u0301s recientemente en 2017 cuando se ambientaron nuestras instalaciones y se renovo\u0301 por completo nuestro equipo de cirugi\u0301a y de la hospitalizacio\u0301n de modo que ahora se constituye como el hospital privado li\u0301der en la atencio\u0301n pedia\u0301trica salvadoren\u0303a gracias a la preferencia y confianza de los padres de familia.<\/p>\n<p style=\"text-align: justify;\">El centro pedi\u00e1trico es una instituci\u00f3n abierta a todos los me\u0301dicos que atienden a nin\u0303os y adolescentes.<\/p>\n<\/div>\n<\/div>\n<\/div>\n<\/div>\n<\/div>\n<\/div>\n<\/div>\n<\/div>\n<p>&nbsp;\t\t\t\t<\/div>\n\t\t\t\t\t\n\t\t\t<\/div>\n\t\t[\/vc_column][vc_column width=\u00bb1\/6&#8243;][\/vc_column][\/vc_row]<\/p>\n","protected":false},"excerpt":{"rendered":"<p>[vc_row][vc_column][\/vc_column][\/vc_row][vc_row][vc_column][vc_empty_space woodmart_hide_large=\u00bb0&#8243; woodmart_hide_medium=\u00bb0&#8243; woodmart_hide_small=\u00bb0&#8243; woodmart_hide_extra_small=\u00bb0&#8243;][\/vc_column][\/vc_row][vc_row][vc_column][\/vc_column][\/vc_row][vc_row][vc_column width=\u00bb1\/3&#8243;][\/vc_column][vc_column width=\u00bb1\/3&#8243;][\/vc_column][vc_column width=\u00bb1\/3&#8243;][\/vc_column][\/vc_row][vc_row full_width=\u00bbstretch_row\u00bb css=\u00bb.vc_custom_1639709528751{background-color: #65c6e9 !important;}\u00bb mobile_bg_img_hidden=\u00bbno\u00bb tablet_bg_img_hidden=\u00bbno\u00bb woodmart_parallax=\u00bb0&#8243; woodmart_gradient_switch=\u00bbno\u00bb row_reverse_mobile=\u00bb0&#8243; row_reverse_tablet=\u00bb0&#8243; woodmart_disable_overflow=\u00bb0&#8243;][vc_column width=\u00bb1\/6&#8243;][vc_empty_space<\/p>\n","protected":false},"author":2,"featured_media":0,"parent":0,"menu_order":0,"comment_status":"closed","ping_status":"closed","template":"","meta":[],"_links":{"self":[{"href":"https:\/\/centropediatrico.com.sv\/web\/wp-json\/wp\/v2\/pages\/7146"}],"collection":[{"href":"https:\/\/centropediatrico.com.sv\/web\/wp-json\/wp\/v2\/pages"}],"about":[{"href":"https:\/\/centropediatrico.com.sv\/web\/wp-json\/wp\/v2\/types\/page"}],"author":[{"embeddable":true,"href":"https:\/\/centropediatrico.com.sv\/web\/wp-json\/wp\/v2\/users\/2"}],"replies":[{"embeddable":true,"href":"https:\/\/centropediatrico.com.sv\/web\/wp-json\/wp\/v2\/comments?post=7146"}],"version-history":[{"count":62,"href":"https:\/\/centropediatrico.com.sv\/web\/wp-json\/wp\/v2\/pages\/7146\/revisions"}],"predecessor-version":[{"id":8195,"href":"https:\/\/centropediatrico.com.sv\/web\/wp-json\/wp\/v2\/pages\/7146\/revisions\/8195"}],"wp:attachment":[{"href":"https:\/\/centropediatrico.com.sv\/web\/wp-json\/wp\/v2\/media?parent=7146"}],"curies":[{"name":"wp","href":"https:\/\/api.w.org\/{rel}","templated":true}]}}