{"id":7938,"date":"2021-12-20T19:22:21","date_gmt":"2021-12-21T01:22:21","guid":{"rendered":"https:\/\/centropediatrico.com.sv\/web\/?page_id=7938"},"modified":"2021-12-21T08:59:31","modified_gmt":"2021-12-21T14:59:31","slug":"enfermedades-de-temporada","status":"publish","type":"page","link":"https:\/\/centropediatrico.com.sv\/web\/enfermedades-de-temporada\/","title":{"rendered":"Enfermedades de Temporada"},"content":{"rendered":"<p>[vc_row][vc_column width=\u00bb1\/6&#8243;][\/vc_column][vc_column width=\u00bb2\/3&#8243;]<div class=\"woodmart-blog-holder blog-shortcode  blog-pagination-\" id=\"69db90abe178b\" data-paged=\"1\" data-atts=\"{&quot;post_type&quot;:&quot;post&quot;,&quot;include&quot;:&quot;&quot;,&quot;custom_query&quot;:&quot;&quot;,&quot;taxonomies&quot;:&quot;&quot;,&quot;pagination&quot;:&quot;&quot;,&quot;parts_media&quot;:true,&quot;parts_title&quot;:&quot;1&quot;,&quot;parts_meta&quot;:&quot;1&quot;,&quot;parts_text&quot;:&quot;1&quot;,&quot;parts_btn&quot;:&quot;1&quot;,&quot;items_per_page&quot;:12,&quot;offset&quot;:&quot;&quot;,&quot;orderby&quot;:&quot;date&quot;,&quot;order&quot;:&quot;DESC&quot;,&quot;meta_key&quot;:&quot;&quot;,&quot;exclude&quot;:&quot;&quot;,&quot;class&quot;:&quot;&quot;,&quot;ajax_page&quot;:&quot;&quot;,&quot;img_size&quot;:&quot;medium&quot;,&quot;blog_design&quot;:&quot;default&quot;,&quot;blog_carousel_design&quot;:&quot;masonry&quot;,&quot;blog_columns&quot;:&quot;3&quot;,&quot;blog_spacing&quot;:&quot;20&quot;,&quot;speed&quot;:&quot;5000&quot;,&quot;slides_per_view&quot;:&quot;3&quot;,&quot;wrap&quot;:&quot;&quot;,&quot;autoplay&quot;:&quot;no&quot;,&quot;hide_pagination_control&quot;:&quot;&quot;,&quot;hide_prev_next_buttons&quot;:&quot;&quot;,&quot;lazy_loading&quot;:&quot;no&quot;,&quot;scroll_carousel_init&quot;:&quot;no&quot;,&quot;scroll_per_page&quot;:&quot;yes&quot;,&quot;search&quot;:&quot;&quot;}\" data-source=\"shortcode\">\n<article id=\"post-7994\" class=\"blog-design-default blog-post-loop blog-style-shadow post-7994 post type-post status-publish format-standard has-post-thumbnail hentry category-uncategorized\">\n\t<div class=\"article-inner\">\n\t\t\t\t\t<header class=\"entry-header\">\n\t\t\t\t\t\t\t\t\t<figure id=\"carousel-349\" class=\"entry-thumbnail\">\n\t\t\t\t\t\t\n\t\t\t\t\t\t\t<div class=\"post-img-wrapp\">\n\t\t\t\t\t\t\t\t<a href=\"https:\/\/centropediatrico.com.sv\/web\/alo-alo-alo\/\">\n\t\t\t\t\t\t\t\t\t<img width=\"300\" height=\"150\" src=\"data:image\/jpg;base64,\/9j\/4AAQSkZJRgABAQEAYABgAAD\/\/gA7Q1JFQVRPUjogZ2QtanBlZyB2MS4wICh1c2luZyBJSkcgSlBFRyB2NjIpLCBxdWFsaXR5ID0gODIK\/9sAQwAGBAQFBAQGBQUFBgYGBwkOCQkICAkSDQ0KDhUSFhYVEhQUFxohHBcYHxkUFB0nHR8iIyUlJRYcKSwoJCshJCUk\/9sAQwEGBgYJCAkRCQkRJBgUGCQkJCQkJCQkJCQkJCQkJCQkJCQkJCQkJCQkJCQkJCQkJCQkJCQkJCQkJCQkJCQkJCQk\/8AAEQgACgAUAwEiAAIRAQMRAf\/EAB8AAAEFAQEBAQEBAAAAAAAAAAABAgMEBQYHCAkKC\/\/EALUQAAIBAwMCBAMFBQQEAAABfQECAwAEEQUSITFBBhNRYQcicRQygZGhCCNCscEVUtHwJDNicoIJChYXGBkaJSYnKCkqNDU2Nzg5OkNERUZHSElKU1RVVldYWVpjZGVmZ2hpanN0dXZ3eHl6g4SFhoeIiYqSk5SVlpeYmZqio6Slpqeoqaqys7S1tre4ubrCw8TFxsfIycrS09TV1tfY2drh4uPk5ebn6Onq8fLz9PX29\/j5+v\/EAB8BAAMBAQEBAQEBAQEAAAAAAAABAgMEBQYHCAkKC\/\/EALURAAIBAgQEAwQHBQQEAAECdwABAgMRBAUhMQYSQVEHYXETIjKBCBRCkaGxwQkjM1LwFWJy0QoWJDThJfEXGBkaJicoKSo1Njc4OTpDREVGR0hJSlNUVVZXWFlaY2RlZmdoaWpzdHV2d3h5eoKDhIWGh4iJipKTlJWWl5iZmqKjpKWmp6ipqrKztLW2t7i5usLDxMXGx8jJytLT1NXW19jZ2uLj5OXm5+jp6vLz9PX29\/j5+v\/aAAwDAQACEQMRAD8A734wafpnitNI0G5vfKuGuRKkKuAzjoTj0ALc9q1tPurfRdOg8PWx2XtvEjrA5wSGAywOMP3yRnHevK5GaX4w6g0hLsnn7SxyVwygY9OOK9D+In\/IP0uX\/lot9AFf+IBgcgH371nH+KzWX8FLzO+03xZpNjp9tbz3BWWONVYBCcHFFea2TFbOHBIyuTjvyaK1MD\/\/2Q==\" class=\"attachment-large wp-post-image attachment-medium woodmart-lazy-load woodmart-lazy-fade\" alt=\"\" loading=\"lazy\" srcset=\"\" sizes=\"(max-width: 300px) 100vw, 300px\" data-wood-src=\"https:\/\/centropediatrico.com.sv\/web\/wp-content\/uploads\/2021\/12\/stadler-form-blog-childrens-room-flu-time-boy-300x150.jpg\" data-srcset=\"https:\/\/centropediatrico.com.sv\/web\/wp-content\/uploads\/2021\/12\/stadler-form-blog-childrens-room-flu-time-boy-300x150.jpg 300w, https:\/\/centropediatrico.com.sv\/web\/wp-content\/uploads\/2021\/12\/stadler-form-blog-childrens-room-flu-time-boy-1024x512.jpg 1024w, https:\/\/centropediatrico.com.sv\/web\/wp-content\/uploads\/2021\/12\/stadler-form-blog-childrens-room-flu-time-boy-768x384.jpg 768w, https:\/\/centropediatrico.com.sv\/web\/wp-content\/uploads\/2021\/12\/stadler-form-blog-childrens-room-flu-time-boy-1536x768.jpg 1536w, https:\/\/centropediatrico.com.sv\/web\/wp-content\/uploads\/2021\/12\/stadler-form-blog-childrens-room-flu-time-boy-2048x1024.jpg 2048w, https:\/\/centropediatrico.com.sv\/web\/wp-content\/uploads\/2021\/12\/stadler-form-blog-childrens-room-flu-time-boy-600x300.jpg 600w\" \/>\t\t\t\t\t\t\t\t<\/a>\n\t\t\t\t\t\t\t<\/div>\n\t\t\t\t\t\t\t<div class=\"post-image-mask\">\n\t\t\t\t\t\t\t\t<span><\/span>\n\t\t\t\t\t\t\t<\/div>\n\t\t\t\t\t\t\t\n\t\t\t\t\t\t\n\t\t\t\t\t<\/figure>\n\t\t\t\t\t\t\t\t\n\t\t\t\t\t\t\t\t\t\t\t\t<div class=\"post-date woodmart-post-date\" onclick=\"\">\n\t\t\t\t<span class=\"post-date-day\">\n\t\t\t\t\t21\t\t\t\t<\/span>\n\t\t\t\t<span class=\"post-date-month\">\n\t\t\t\t\tDic\t\t\t\t<\/span>\n\t\t\t<\/div>\n\t\t\t\t\t\t\n\t\t\t<\/header><!-- .entry-header -->\n\n\t\t<div class=\"article-body-container\">\n\t\t\t\n\t\t\t\t\t\t\t\t\t<div class=\"meta-categories-wrapp\"><div class=\"meta-post-categories\"><a href=\"https:\/\/centropediatrico.com.sv\/web\/category\/uncategorized\/\" rel=\"category tag\">Uncategorized<\/a><\/div><\/div>\n\t\t\t\t\n\t\t\t\t\t\t\t\t\t<h3 class=\"entry-title title\">\n\t\t\t\t\t\t<a href=\"https:\/\/centropediatrico.com.sv\/web\/alo-alo-alo\/\" rel=\"bookmark\">Enfermedades de Temporada<\/a>\n\t\t\t\t\t<\/h3>\n\t\t\t\t\n\t\t\t\t\t\t\t\t\t<div class=\"entry-meta woodmart-entry-meta\">\n\t\t\t\t\t\t\t\t\t<ul class=\"entry-meta-list\">\n\t\t\t\t\n\t\t\t\t\t\t\t\t\t\t<li class=\"modified-date\"><time class=\"updated\" datetime=\"2021-12-21T10:12:58-06:00\">diciembre 21, 2021<\/time><\/li>\n\t\t\t\t\t\n\t\t\t\t\t\t\t\t\t\t\t\t\t\t\t\t<li class=\"meta-author\">\n\t\t\t\t\t\t\t\t\t\t\t\t\t\t\tPosted by\t\t\t\t\t\t\t\t\t\t\t\t\t\t\t\t\t\t\t\t\t\t<img alt='author-avatar' src=\"https:\/\/centropediatrico.com.sv\/web\/wp-content\/themes\/woodmart\/images\/lazy.png\" data-wood-src='https:\/\/secure.gravatar.com\/avatar\/947c780a627f63c479e3918fd300eeb2?s=32&#038;d=mm&#038;r=g' srcset=\"\" data-srcset='https:\/\/secure.gravatar.com\/avatar\/947c780a627f63c479e3918fd300eeb2?s=64&#038;d=mm&#038;r=g 2x' class='woodmart-lazy-load woodmart-lazy-fade avatar avatar-32 photo' height='32' width='32' loading='lazy'\/>\t\t\t\t\t\t\t\t\t\t\t\t\t\t<a href=\"https:\/\/centropediatrico.com.sv\/web\/author\/andrea\/\" rel=\"author\">\n\t\t\t\t\t\t\t\t<span class=\"vcard author author_name\">\n\t\t\t\t\t\t\t\t\t<span class=\"fn\">Andrea<\/span>\n\t\t\t\t\t\t\t\t<\/span>\n\t\t\t\t\t\t\t<\/a>\n\t\t\t\t\t\t<\/li>\n\t\t\t\t\t\t\t\t\t\t\t\t\t\t\t\t\t\t\t\t\t\t\t\t\t\t\t\t\t\t\t\t\t\t\t\t\t\t\t\t\t\t\t\t\t\t\t\t\t\t\t<li><span class=\"meta-reply\">\n\t\t\t\t\t\t\t\t\t\t\t\t\t\t<a href=\"https:\/\/centropediatrico.com.sv\/web\/alo-alo-alo\/#respond\"><span class=\"replies-count\">0<\/span> <span class=\"replies-count-label\">comments<\/span><\/a>\t\t\t\t\t\t<\/span><\/li>\n\t\t\t\t\t\t\t\t\t\t\t\t\t\t\t\t\t\t\t\t\t\t<\/ul>\n\t\t\t\t\t\t\t<\/div><!-- .entry-meta -->\n\t\t\t\t\t\t\t\t\t\t\t<div class=\"hovered-social-icons\">\n\t\t\t\t\t\t\t\n\t\t\t<div class=\"woodmart-social-icons text-center icons-design-default icons-size-small color-scheme-light social-share social-form-circle\">\n\t\t\t\t\t\t\t\t\t<a rel=\"nofollow\" href=\"https:\/\/www.facebook.com\/sharer\/sharer.php?u=https:\/\/centropediatrico.com.sv\/web\/alo-alo-alo\/\" target=\"_blank\" class=\" woodmart-social-icon social-facebook\">\n\t\t\t\t\t\t<i class=\"fa fa-facebook\"><\/i>\n\t\t\t\t\t\t<span class=\"woodmart-social-icon-name\">Facebook<\/span>\n\t\t\t\t\t<\/a>\n\t\t\t\t\n\t\t\t\t\t\t\t\t\t<a rel=\"nofollow\" href=\"https:\/\/twitter.com\/share?url=https:\/\/centropediatrico.com.sv\/web\/alo-alo-alo\/\" target=\"_blank\" class=\" woodmart-social-icon social-twitter\">\n\t\t\t\t\t\t<i class=\"fa fa-twitter\"><\/i>\n\t\t\t\t\t\t<span class=\"woodmart-social-icon-name\">Twitter<\/span>\n\t\t\t\t\t<\/a>\n\t\t\t\t\n\t\t\t\t\n\t\t\t\t\n\t\t\t\t\n\t\t\t\t\t\t\t\t\t<a rel=\"nofollow\" href=\"https:\/\/pinterest.com\/pin\/create\/button\/?url=https:\/\/centropediatrico.com.sv\/web\/alo-alo-alo\/&media=https:\/\/centropediatrico.com.sv\/web\/wp-content\/uploads\/2021\/12\/stadler-form-blog-childrens-room-flu-time-boy.jpg&description=Enfermedades+de+Temporada\" target=\"_blank\" class=\" woodmart-social-icon social-pinterest\">\n\t\t\t\t\t\t<i class=\"fa fa-pinterest\"><\/i>\n\t\t\t\t\t\t<span class=\"woodmart-social-icon-name\">Pinterest<\/span>\n\t\t\t\t\t<\/a>\n\t\t\t\t\n\t\t\t\t\n\t\t\t\t\t\t\t\t\t<a rel=\"nofollow\" href=\"https:\/\/www.linkedin.com\/shareArticle?mini=true&url=https:\/\/centropediatrico.com.sv\/web\/alo-alo-alo\/\" target=\"_blank\" class=\" woodmart-social-icon social-linkedin\">\n\t\t\t\t\t\t<i class=\"fa fa-linkedin\"><\/i>\n\t\t\t\t\t\t<span class=\"woodmart-social-icon-name\">linkedin<\/span>\n\t\t\t\t\t<\/a>\n\t\t\t\t\n\t\t\t\t\n\t\t\t\t\n\t\t\t\t\n\t\t\t\t\n\t\t\t\t\n\t\t\t\t\n\t\t\t\t\n\t\t\t\t\n\t\t\t\t\n\t\t\t\t\t\t\t\t\n\t\t\t\t\n\t\t\t\t\t\t\t\t\t<a rel=\"nofollow\" href=\"https:\/\/telegram.me\/share\/url?url=https:\/\/centropediatrico.com.sv\/web\/alo-alo-alo\/\" target=\"_blank\" class=\" woodmart-social-icon social-tg\">\n\t\t\t\t\t\t<i class=\"fa fa-telegram\"><\/i>\n\t\t\t\t\t\t<span class=\"woodmart-social-icon-name\">Telegram<\/span>\n\t\t\t\t\t<\/a>\n\t\t\t\t\n\t\t\t<\/div>\n\n\t\t\t\t\t\t\t\t<\/div>\n\t\t\t\t\t\t\t\t\t\t\t\t\n\t\t\t\t\t\t\t<div class=\"entry-content woodmart-entry-content\">\n\t\t\t\t\tLleg\u00f3 la temporada lluviosa y con ella las\u00a0enfermedades de temporada. En esta \u00e9poca es com\u00fan que las defensas est\u00e9n bajas por los cambi...<p class=\"read-more-section\"><a class=\"btn-read-more more-link\" href=\"https:\/\/centropediatrico.com.sv\/web\/alo-alo-alo\/\">Continue reading<\/a><\/p>\t\t\t\t\t\t\t\t\t<\/div><!-- .entry-content -->\n\t\t\t\n\t\t\t\n\t\t\t\t\t<\/div>\n\t<\/div>\n<\/article><!-- #post -->\n\n\n<\/div>[\/vc_column][vc_column width=\u00bb1\/6&#8243;][\/vc_column][\/vc_row]<\/p>\n","protected":false},"excerpt":{"rendered":"<p>[vc_row][vc_column width=\u00bb1\/6&#8243;][\/vc_column][vc_column width=\u00bb2\/3&#8243;][\/vc_column][vc_column width=\u00bb1\/6&#8243;][\/vc_column][\/vc_row]<\/p>\n","protected":false},"author":22,"featured_media":0,"parent":0,"menu_order":0,"comment_status":"closed","ping_status":"closed","template":"","meta":[],"_links":{"self":[{"href":"https:\/\/centropediatrico.com.sv\/web\/wp-json\/wp\/v2\/pages\/7938"}],"collection":[{"href":"https:\/\/centropediatrico.com.sv\/web\/wp-json\/wp\/v2\/pages"}],"about":[{"href":"https:\/\/centropediatrico.com.sv\/web\/wp-json\/wp\/v2\/types\/page"}],"author":[{"embeddable":true,"href":"https:\/\/centropediatrico.com.sv\/web\/wp-json\/wp\/v2\/users\/22"}],"replies":[{"embeddable":true,"href":"https:\/\/centropediatrico.com.sv\/web\/wp-json\/wp\/v2\/comments?post=7938"}],"version-history":[{"count":6,"href":"https:\/\/centropediatrico.com.sv\/web\/wp-json\/wp\/v2\/pages\/7938\/revisions"}],"predecessor-version":[{"id":7987,"href":"https:\/\/centropediatrico.com.sv\/web\/wp-json\/wp\/v2\/pages\/7938\/revisions\/7987"}],"wp:attachment":[{"href":"https:\/\/centropediatrico.com.sv\/web\/wp-json\/wp\/v2\/media?parent=7938"}],"curies":[{"name":"wp","href":"https:\/\/api.w.org\/{rel}","templated":true}]}}